{"id":72,"date":"2021-03-09T18:37:33","date_gmt":"2021-03-09T17:37:33","guid":{"rendered":"http:\/\/deutsche-doggen.net\/startseite\/?page_id=72"},"modified":"2021-03-31T14:39:01","modified_gmt":"2021-03-31T12:39:01","slug":"ueber-uns","status":"publish","type":"page","link":"http:\/\/deutsche-doggen.net\/startseite\/ueber-uns\/","title":{"rendered":"\u00dcber uns"},"content":{"rendered":"\t\t<div data-elementor-type=\"wp-page\" data-elementor-id=\"72\" class=\"elementor elementor-72\" data-elementor-settings=\"[]\">\n\t\t\t\t\t\t\t<div class=\"elementor-section-wrap\">\n\t\t\t\t\t\t\t<section class=\"elementor-section elementor-top-section elementor-element elementor-element-c410e7e elementor-section-boxed elementor-section-height-default elementor-section-height-default\" data-id=\"c410e7e\" data-element_type=\"section\">\n\t\t\t\t\t\t<div class=\"elementor-container elementor-column-gap-default\">\n\t\t\t\t\t<div class=\"elementor-column elementor-col-100 elementor-top-column elementor-element elementor-element-7d69524\" data-id=\"7d69524\" data-element_type=\"column\">\n\t\t\t<div class=\"elementor-widget-wrap elementor-element-populated\">\n\t\t\t\t\t\t\t\t<div class=\"elementor-element elementor-element-3b3e3a7 elementor-widget elementor-widget-heading\" data-id=\"3b3e3a7\" data-element_type=\"widget\" data-widget_type=\"heading.default\">\n\t\t\t\t<div class=\"elementor-widget-container\">\n\t\t\t<h2 class=\"elementor-heading-title elementor-size-default\">\u00dcber uns<\/h2>\t\t<\/div>\n\t\t\t\t<\/div>\n\t\t\t\t\t<\/div>\n\t\t<\/div>\n\t\t\t\t\t\t\t<\/div>\n\t\t<\/section>\n\t\t\t\t<section class=\"elementor-section elementor-top-section elementor-element elementor-element-28a7f6f elementor-section-boxed elementor-section-height-default elementor-section-height-default\" data-id=\"28a7f6f\" data-element_type=\"section\">\n\t\t\t\t\t\t<div class=\"elementor-container elementor-column-gap-default\">\n\t\t\t\t\t<div class=\"elementor-column elementor-col-50 elementor-top-column elementor-element elementor-element-2726152\" data-id=\"2726152\" data-element_type=\"column\">\n\t\t\t<div class=\"elementor-widget-wrap elementor-element-populated\">\n\t\t\t\t\t\t\t\t<div class=\"elementor-element elementor-element-e495ae6 elementor-widget elementor-widget-text-editor\" data-id=\"e495ae6\" data-element_type=\"widget\" data-widget_type=\"text-editor.default\">\n\t\t\t\t<div class=\"elementor-widget-container\">\n\t\t\t\t\t\t\t\t<p>Wir \u2013 Daniela, Matthias und unsere drei Doggen Brutus, Lotti und Cati \u2013 wohnen in Lasbek im sch\u00f6nen Schleswig-Holstein, nicht weit vom &#8222;Tor zur Welt&#8220; Hamburg entfernt.<\/p>\n<p><span style=\"font-size: inherit; text-align: inherit; color: var( --e-global-color-text ); font-family: var( --e-global-typography-text-font-family ), Sans-serif; letter-spacing: -0.015em;\">Ich bin mit Hunden aufgewachsen und mein absoluter Lieblingsfilm in der Kindheit war &#8222;Geliebter Haustyrann&#8220; von Walt Disney mit dem gelben Doggenr\u00fcden Brutus. Fasziniert von diesen kraftvollen und edlen Tieren wurde mein gro\u00dfer Wunsch geboren: eine Deutsche Dogge.<\/span><\/p>\n<p><span style=\"color: var( --e-global-color-text ); font-family: var( --e-global-typography-text-font-family ), Sans-serif; font-size: inherit; letter-spacing: -0.015em; text-align: inherit;\">Mit zwanzig klopfte mein Traum an die T\u00fcr. Ein Bekannter hatte einen schwarzen Doggenr\u00fcden aus schlechter Haltung aufgenommen und fragte mich, ob ich ihn nehmen k\u00f6nnte.<\/span><\/p>\n<p><span style=\"font-size: inherit; text-align: inherit; color: var( --e-global-color-text ); font-family: var( --e-global-typography-text-font-family ), Sans-serif; letter-spacing: -0.015em;\">Es war Schicksal und mein Seelenhund &#8222;Lui&#8220; vervollst\u00e4ndigte seitdem mein Leben zusammen mit Pferd, Katze und Hase. Oft konnte ich nicht fassen, dass mein Traum wahr geworden war. Es war eine unbeschreibliche Bindung zwischen uns. Ende 2012 wurde ein St\u00fcck von meinem Herzen rausgerissen, als ich meinen Lui gehen lassen musste. Er wird immer einen Platz in meinem Herzen haben.<\/span><\/p>\n<p>Durch die Trauer half mir Matthias mit seinem Rhodesian Ridgeback &#8222;Paul&#8220;. Ohne die beiden w\u00e4re ich wohl in ein unendlich tiefes Loch gefallen. Aber es war klar, es musste wieder eine Dogge her, wenn die Wunden etwas verheilt waren und wir unser Eigenheim gefunden hatten.<span style=\"font-size: inherit; text-align: inherit; color: var( --e-global-color-text ); font-family: var( --e-global-typography-text-font-family ), Sans-serif; letter-spacing: -0.015em;\"><br><\/span><\/p>\t\t\t\t\t\t<\/div>\n\t\t\t\t<\/div>\n\t\t\t\t\t<\/div>\n\t\t<\/div>\n\t\t\t\t<div class=\"elementor-column elementor-col-50 elementor-top-column elementor-element elementor-element-7f84830\" data-id=\"7f84830\" data-element_type=\"column\">\n\t\t\t<div class=\"elementor-widget-wrap elementor-element-populated\">\n\t\t\t\t\t\t\t\t<div class=\"elementor-element elementor-element-3c4ef2c elementor-widget elementor-widget-text-editor\" data-id=\"3c4ef2c\" data-element_type=\"widget\" data-widget_type=\"text-editor.default\">\n\t\t\t\t<div class=\"elementor-widget-container\">\n\t\t\t\t\t\t\t\t<p><span style=\"color: var( --e-global-color-text ); font-family: var( --e-global-typography-text-font-family ), Sans-serif; font-size: inherit; letter-spacing: -0.015em; text-align: inherit;\">2015 war es dann so weit \u2026 Wir kauften uns ein H\u00e4uschen. Schon vorher hatte ich mich nach Z\u00fcchtern vom blauen Farbschlag umgeschaut und durch eine Empfehlung kamen wir zu Franzi und ihrer liebevollen Zucht. So zog unser &#8222;Frantastic&#8217;s Brutus&#8220; bei uns ein.<\/span><\/p>\n<p><span style=\"color: var( --e-global-color-text ); font-family: var( --e-global-typography-text-font-family ), Sans-serif; font-size: inherit; letter-spacing: -0.015em; text-align: inherit;\">Durch meine damalige Suche nach einem Z\u00fcchter, lernte ich Julia Fl\u00f6ter und ihre Zucht kennen. Es entstand eine wundervolle enge Freundschaft und wir unterst\u00fctzen uns in jeder Lebenslage. Nat\u00fcrlich mussten Matthias und ich uns 2018 ihren C-Wurf anschauen; vor allem, weil die Verpaarung f\u00fcr mich traumhaft war.<\/span><\/p>\n<p><span style=\"color: var( --e-global-color-text ); font-family: var( --e-global-typography-text-font-family ), Sans-serif; font-size: inherit; letter-spacing: -0.015em; text-align: inherit;\">Tja und da passierte es \u2026 v\u00f6llig ungeplant verliebten wir uns in das entz\u00fcckende Doggenm\u00e4dchen. Und so zog &#8222;Carlotta vom R\u00e4uberbaron&#8220; bei uns ein und brachte das Leben von uns und den Jungs durcheinander.<\/span><\/p>\n<p><span style=\"color: var( --e-global-color-text ); font-family: var( --e-global-typography-text-font-family ), Sans-serif; font-size: inherit; letter-spacing: -0.015em; text-align: inherit;\">2019 nahmen wir Lottis Schwester &#8222;Cati vom R\u00e4uberbaron&#8220; zur Pflege auf. Und da es nicht m\u00f6glich war, dass sie in ihr altes zu Hause zur\u00fcckgeht, blieb sie bei uns, Wir konnten uns einfach nicht mehr von dieser wundervollen H\u00fcndin trennen.<\/span><\/p>\n<p><span style=\"color: var( --e-global-color-text ); font-family: var( --e-global-typography-text-font-family ), Sans-serif; font-size: inherit; letter-spacing: -0.015em; text-align: inherit;\">Ich hoffe, mit unserer Zucht etwas f\u00fcr diese wundervolle Rasse zu tun und bilde mich durch Seminare \u00fcber Z\u00fcchterstrategien, Genetik etc. weiter. Zu meinem Gl\u00fcck steht mir auch der DDC und tolle Z\u00fcchterkollegen mit Rat und Tat zur Seite.<\/span><\/p>\t\t\t\t\t\t<\/div>\n\t\t\t\t<\/div>\n\t\t\t\t\t<\/div>\n\t\t<\/div>\n\t\t\t\t\t\t\t<\/div>\n\t\t<\/section>\n\t\t\t\t<section class=\"elementor-section elementor-top-section elementor-element elementor-element-cee0606 elementor-section-boxed elementor-section-height-default elementor-section-height-default\" data-id=\"cee0606\" data-element_type=\"section\">\n\t\t\t\t\t\t<div class=\"elementor-container elementor-column-gap-default\">\n\t\t\t\t\t<div class=\"elementor-column elementor-col-100 elementor-top-column elementor-element elementor-element-0cda154\" data-id=\"0cda154\" data-element_type=\"column\">\n\t\t\t<div class=\"elementor-widget-wrap elementor-element-populated\">\n\t\t\t\t\t\t\t\t<div class=\"elementor-element elementor-element-6e155c0 elementor-widget elementor-widget-heading\" data-id=\"6e155c0\" data-element_type=\"widget\" data-widget_type=\"heading.default\">\n\t\t\t\t<div class=\"elementor-widget-container\">\n\t\t\t<h4 class=\"elementor-heading-title elementor-size-default\">Unsere Hunde sind unser Hobby, unsere Familie und unsere gro\u00dfe Liebe.<\/h4>\t\t<\/div>\n\t\t\t\t<\/div>\n\t\t\t\t\t<\/div>\n\t\t<\/div>\n\t\t\t\t\t\t\t<\/div>\n\t\t<\/section>\n\t\t\t\t<section class=\"elementor-section elementor-top-section elementor-element elementor-element-70e7854 elementor-section-boxed elementor-section-height-default elementor-section-height-default\" data-id=\"70e7854\" data-element_type=\"section\">\n\t\t\t\t\t\t<div class=\"elementor-container elementor-column-gap-default\">\n\t\t\t\t\t<div class=\"elementor-column elementor-col-50 elementor-top-column elementor-element elementor-element-20e6d15\" data-id=\"20e6d15\" data-element_type=\"column\">\n\t\t\t<div class=\"elementor-widget-wrap elementor-element-populated\">\n\t\t\t\t\t\t\t\t<div class=\"elementor-element elementor-element-812fb7c elementor-widget elementor-widget-image\" data-id=\"812fb7c\" data-element_type=\"widget\" data-widget_type=\"image.default\">\n\t\t\t\t<div class=\"elementor-widget-container\">\n\t\t\t\t\t\t\t\t\t\t\t\t\t\t\t<img loading=\"lazy\" decoding=\"async\" width=\"1536\" height=\"1038\" src=\"http:\/\/deutsche-doggen.net\/wp-content\/uploads\/2021\/03\/Dani-Lotti-Cati-1536x1038.jpeg\" class=\"attachment-1536x1536 size-1536x1536\" alt=\"\" srcset=\"http:\/\/deutsche-doggen.net\/wp-content\/uploads\/2021\/03\/Dani-Lotti-Cati-1536x1038.jpeg 1536w, http:\/\/deutsche-doggen.net\/wp-content\/uploads\/2021\/03\/Dani-Lotti-Cati-300x203.jpeg 300w, http:\/\/deutsche-doggen.net\/wp-content\/uploads\/2021\/03\/Dani-Lotti-Cati-1024x692.jpeg 1024w, http:\/\/deutsche-doggen.net\/wp-content\/uploads\/2021\/03\/Dani-Lotti-Cati-768x519.jpeg 768w, http:\/\/deutsche-doggen.net\/wp-content\/uploads\/2021\/03\/Dani-Lotti-Cati-2048x1384.jpeg 2048w, http:\/\/deutsche-doggen.net\/wp-content\/uploads\/2021\/03\/Dani-Lotti-Cati-1200x811.jpeg 1200w, http:\/\/deutsche-doggen.net\/wp-content\/uploads\/2021\/03\/Dani-Lotti-Cati-1980x1338.jpeg 1980w\" sizes=\"auto, (max-width: 1536px) 100vw, 1536px\" \/>\t\t\t\t\t\t\t\t\t\t\t\t\t\t\t<\/div>\n\t\t\t\t<\/div>\n\t\t\t\t\t<\/div>\n\t\t<\/div>\n\t\t\t\t<div class=\"elementor-column elementor-col-50 elementor-top-column elementor-element elementor-element-14989ed\" data-id=\"14989ed\" data-element_type=\"column\">\n\t\t\t<div class=\"elementor-widget-wrap elementor-element-populated\">\n\t\t\t\t\t\t\t\t<div class=\"elementor-element elementor-element-e3e7c5d elementor-widget elementor-widget-image\" data-id=\"e3e7c5d\" data-element_type=\"widget\" data-widget_type=\"image.default\">\n\t\t\t\t<div class=\"elementor-widget-container\">\n\t\t\t\t\t\t\t\t\t\t\t\t\t\t\t<img decoding=\"async\" src=\"http:\/\/deutsche-doggen.net\/wp-content\/uploads\/2021\/03\/002-scaled.jpeg\" title=\"\" alt=\"\" \/>\t\t\t\t\t\t\t\t\t\t\t\t\t\t\t<\/div>\n\t\t\t\t<\/div>\n\t\t\t\t<div class=\"elementor-element elementor-element-4bc1f51 elementor-widget elementor-widget-image\" data-id=\"4bc1f51\" data-element_type=\"widget\" data-widget_type=\"image.default\">\n\t\t\t\t<div class=\"elementor-widget-container\">\n\t\t\t\t\t\t\t\t\t\t\t\t\t\t\t<img loading=\"lazy\" decoding=\"async\" width=\"580\" height=\"812\" src=\"http:\/\/deutsche-doggen.net\/wp-content\/uploads\/2021\/03\/Familie-731x1024.jpeg\" class=\"attachment-large size-large\" alt=\"\" srcset=\"http:\/\/deutsche-doggen.net\/wp-content\/uploads\/2021\/03\/Familie-731x1024.jpeg 731w, http:\/\/deutsche-doggen.net\/wp-content\/uploads\/2021\/03\/Familie-214x300.jpeg 214w, http:\/\/deutsche-doggen.net\/wp-content\/uploads\/2021\/03\/Familie-768x1075.jpeg 768w, http:\/\/deutsche-doggen.net\/wp-content\/uploads\/2021\/03\/Familie-1097x1536.jpeg 1097w, http:\/\/deutsche-doggen.net\/wp-content\/uploads\/2021\/03\/Familie-1463x2048.jpeg 1463w, http:\/\/deutsche-doggen.net\/wp-content\/uploads\/2021\/03\/Familie-1200x1680.jpeg 1200w, http:\/\/deutsche-doggen.net\/wp-content\/uploads\/2021\/03\/Familie-1980x2772.jpeg 1980w, http:\/\/deutsche-doggen.net\/wp-content\/uploads\/2021\/03\/Familie-scaled.jpeg 1829w\" sizes=\"auto, (max-width: 580px) 100vw, 580px\" \/>\t\t\t\t\t\t\t\t\t\t\t\t\t\t\t<\/div>\n\t\t\t\t<\/div>\n\t\t\t\t\t<\/div>\n\t\t<\/div>\n\t\t\t\t\t\t\t<\/div>\n\t\t<\/section>\n\t\t\t\t\t\t<\/div>\n\t\t\t\t\t<\/div>\n\t\t","protected":false},"excerpt":{"rendered":"<p>\u00dcber uns Wir \u2013 Daniela, Matthias und unsere drei Doggen Brutus, Lotti und Cati \u2013 wohnen in Lasbek im sch\u00f6nen Schleswig-Holstein, nicht weit vom &#8222;Tor zur Welt&#8220; Hamburg entfernt. Ich bin mit Hunden aufgewachsen und mein absoluter Lieblingsfilm in der Kindheit war &#8222;Geliebter Haustyrann&#8220; von Walt Disney mit dem gelben Doggenr\u00fcden Brutus. Fasziniert von diesen [&hellip;]<\/p>\n","protected":false},"author":1,"featured_media":0,"parent":0,"menu_order":0,"comment_status":"closed","ping_status":"closed","template":"elementor_header_footer","meta":{"footnotes":""},"class_list":["post-72","page","type-page","status-publish","hentry"],"_links":{"self":[{"href":"http:\/\/deutsche-doggen.net\/startseite\/wp-json\/wp\/v2\/pages\/72","targetHints":{"allow":["GET"]}}],"collection":[{"href":"http:\/\/deutsche-doggen.net\/startseite\/wp-json\/wp\/v2\/pages"}],"about":[{"href":"http:\/\/deutsche-doggen.net\/startseite\/wp-json\/wp\/v2\/types\/page"}],"author":[{"embeddable":true,"href":"http:\/\/deutsche-doggen.net\/startseite\/wp-json\/wp\/v2\/users\/1"}],"replies":[{"embeddable":true,"href":"http:\/\/deutsche-doggen.net\/startseite\/wp-json\/wp\/v2\/comments?post=72"}],"version-history":[{"count":10,"href":"http:\/\/deutsche-doggen.net\/startseite\/wp-json\/wp\/v2\/pages\/72\/revisions"}],"predecessor-version":[{"id":449,"href":"http:\/\/deutsche-doggen.net\/startseite\/wp-json\/wp\/v2\/pages\/72\/revisions\/449"}],"wp:attachment":[{"href":"http:\/\/deutsche-doggen.net\/startseite\/wp-json\/wp\/v2\/media?parent=72"}],"curies":[{"name":"wp","href":"https:\/\/api.w.org\/{rel}","templated":true}]}}