{"id":249,"date":"2021-03-18T16:20:43","date_gmt":"2021-03-18T15:20:43","guid":{"rendered":"http:\/\/deutsche-doggen.net\/startseite\/?page_id=249"},"modified":"2021-04-01T22:20:45","modified_gmt":"2021-04-01T20:20:45","slug":"cati","status":"publish","type":"page","link":"http:\/\/deutsche-doggen.net\/startseite\/cati\/","title":{"rendered":"Cati"},"content":{"rendered":"\t\t<div data-elementor-type=\"wp-page\" data-elementor-id=\"249\" class=\"elementor elementor-249\" data-elementor-settings=\"[]\">\n\t\t\t\t\t\t\t<div class=\"elementor-section-wrap\">\n\t\t\t\t\t\t\t<section class=\"elementor-section elementor-top-section elementor-element elementor-element-d787f1e elementor-section-boxed elementor-section-height-default elementor-section-height-default\" data-id=\"d787f1e\" data-element_type=\"section\">\n\t\t\t\t\t\t<div class=\"elementor-container elementor-column-gap-default\">\n\t\t\t\t\t<div class=\"elementor-column elementor-col-50 elementor-top-column elementor-element elementor-element-128e1cd\" data-id=\"128e1cd\" data-element_type=\"column\">\n\t\t\t<div class=\"elementor-widget-wrap elementor-element-populated\">\n\t\t\t\t\t\t\t\t<div class=\"elementor-element elementor-element-f51e87f elementor-widget elementor-widget-heading\" data-id=\"f51e87f\" data-element_type=\"widget\" data-widget_type=\"heading.default\">\n\t\t\t\t<div class=\"elementor-widget-container\">\n\t\t\t<h2 class=\"elementor-heading-title elementor-size-default\">Cati vom R\u00e4uberbaron<\/h2>\t\t<\/div>\n\t\t\t\t<\/div>\n\t\t\t\t\t<\/div>\n\t\t<\/div>\n\t\t\t\t<div class=\"elementor-column elementor-col-50 elementor-top-column elementor-element elementor-element-48e1828\" data-id=\"48e1828\" data-element_type=\"column\">\n\t\t\t<div class=\"elementor-widget-wrap\">\n\t\t\t\t\t\t\t\t\t<\/div>\n\t\t<\/div>\n\t\t\t\t\t\t\t<\/div>\n\t\t<\/section>\n\t\t\t\t<section class=\"elementor-section elementor-top-section elementor-element elementor-element-3e6a840 elementor-section-boxed elementor-section-height-default elementor-section-height-default\" data-id=\"3e6a840\" data-element_type=\"section\">\n\t\t\t\t\t\t<div class=\"elementor-container elementor-column-gap-default\">\n\t\t\t\t\t<div class=\"elementor-column elementor-col-50 elementor-top-column elementor-element elementor-element-ac07f1b\" data-id=\"ac07f1b\" data-element_type=\"column\">\n\t\t\t<div class=\"elementor-widget-wrap elementor-element-populated\">\n\t\t\t\t\t\t\t\t<div class=\"elementor-element elementor-element-a8a3b46 elementor-widget elementor-widget-text-editor\" data-id=\"a8a3b46\" data-element_type=\"widget\" data-widget_type=\"text-editor.default\">\n\t\t\t\t<div class=\"elementor-widget-container\">\n\t\t\t\t\t\t\t\t<p>Wurftag: 04.04.2018<\/p><p>K\u00e4the vom Edersee x Cherkan Heinrich von der Fr\u00e4nkischen Schweiz<\/p><p>Untersuchungen stehen noch aus.<\/p><p>Noris Siegerin 2019<\/p>\t\t\t\t\t\t<\/div>\n\t\t\t\t<\/div>\n\t\t\t\t\t<\/div>\n\t\t<\/div>\n\t\t\t\t<div class=\"elementor-column elementor-col-50 elementor-top-column elementor-element elementor-element-afa9808\" data-id=\"afa9808\" data-element_type=\"column\">\n\t\t\t<div class=\"elementor-widget-wrap elementor-element-populated\">\n\t\t\t\t\t\t\t\t<div class=\"elementor-element elementor-element-e72148b elementor-widget elementor-widget-image\" data-id=\"e72148b\" data-element_type=\"widget\" data-widget_type=\"image.default\">\n\t\t\t\t<div class=\"elementor-widget-container\">\n\t\t\t\t\t\t\t\t\t\t\t\t\t\t\t<img loading=\"lazy\" decoding=\"async\" width=\"580\" height=\"386\" src=\"http:\/\/deutsche-doggen.net\/wp-content\/uploads\/2021\/03\/Cati-1024x682.jpg\" class=\"attachment-large size-large\" alt=\"\" srcset=\"http:\/\/deutsche-doggen.net\/wp-content\/uploads\/2021\/03\/Cati-1024x682.jpg 1024w, http:\/\/deutsche-doggen.net\/wp-content\/uploads\/2021\/03\/Cati-300x200.jpg 300w, http:\/\/deutsche-doggen.net\/wp-content\/uploads\/2021\/03\/Cati-768x512.jpg 768w, http:\/\/deutsche-doggen.net\/wp-content\/uploads\/2021\/03\/Cati-1536x1023.jpg 1536w, http:\/\/deutsche-doggen.net\/wp-content\/uploads\/2021\/03\/Cati-1200x800.jpg 1200w, http:\/\/deutsche-doggen.net\/wp-content\/uploads\/2021\/03\/Cati.jpg 1600w\" sizes=\"auto, (max-width: 580px) 100vw, 580px\" \/>\t\t\t\t\t\t\t\t\t\t\t\t\t\t\t<\/div>\n\t\t\t\t<\/div>\n\t\t\t\t\t<\/div>\n\t\t<\/div>\n\t\t\t\t\t\t\t<\/div>\n\t\t<\/section>\n\t\t\t\t<section class=\"elementor-section elementor-top-section elementor-element elementor-element-871fb82 elementor-section-boxed elementor-section-height-default elementor-section-height-default\" data-id=\"871fb82\" data-element_type=\"section\">\n\t\t\t\t\t\t<div class=\"elementor-container elementor-column-gap-default\">\n\t\t\t\t\t<div class=\"elementor-column elementor-col-50 elementor-top-column elementor-element elementor-element-1fbfe1d\" data-id=\"1fbfe1d\" data-element_type=\"column\">\n\t\t\t<div class=\"elementor-widget-wrap elementor-element-populated\">\n\t\t\t\t\t\t\t\t<div class=\"elementor-element elementor-element-1c8ca52 elementor-widget elementor-widget-text-editor\" data-id=\"1c8ca52\" data-element_type=\"widget\" data-widget_type=\"text-editor.default\">\n\t\t\t\t<div class=\"elementor-widget-container\">\n\t\t\t\t\t\t\t\t<p style=\"font-size: 18px; text-align: justify;\">2019 kam unsere Cati vom R\u00e4uberbaron zu uns. Sie ist eine sehr sensible und facettenreiche H\u00fcndin, die klare Regeln und viel Sicherheit von uns ben\u00f6tigt. Im Gegensatz zu ihrer Schwester Lotti, braucht Cati immer etwas l\u00e4nger beim erlernen neuer Dinge und muss meist erst einmal zwei N\u00e4chte dr\u00fcber schlafen.<\/p><p style=\"font-size: 18px; text-align: justify;\">Cati m\u00f6chte immer alles richtig machen und ist unser Sensibelchen, Clown und Rambo in einem Hund. Auch mit ihr wird sportlich in der Unterordnung gearbeitet und sie wird in der Zukunft auch ihre Begleithundepr\u00fcfung ablegen.<\/p>\t\t\t\t\t\t<\/div>\n\t\t\t\t<\/div>\n\t\t\t\t\t<\/div>\n\t\t<\/div>\n\t\t\t\t<div class=\"elementor-column elementor-col-50 elementor-top-column elementor-element elementor-element-8f3ca01\" data-id=\"8f3ca01\" data-element_type=\"column\">\n\t\t\t<div class=\"elementor-widget-wrap\">\n\t\t\t\t\t\t\t\t\t<\/div>\n\t\t<\/div>\n\t\t\t\t\t\t\t<\/div>\n\t\t<\/section>\n\t\t\t\t\t\t<\/div>\n\t\t\t\t\t<\/div>\n\t\t","protected":false},"excerpt":{"rendered":"<p>Cati vom R\u00e4uberbaron Wurftag: 04.04.2018 K\u00e4the vom Edersee x Cherkan Heinrich von der Fr\u00e4nkischen Schweiz Untersuchungen stehen noch aus. Noris Siegerin 2019 2019 kam unsere Cati vom R\u00e4uberbaron zu uns. Sie ist eine sehr sensible und facettenreiche H\u00fcndin, die klare Regeln und viel Sicherheit von uns ben\u00f6tigt. Im Gegensatz zu ihrer Schwester Lotti, braucht Cati [&hellip;]<\/p>\n","protected":false},"author":1,"featured_media":0,"parent":0,"menu_order":0,"comment_status":"closed","ping_status":"closed","template":"","meta":{"footnotes":""},"class_list":["post-249","page","type-page","status-publish","hentry"],"_links":{"self":[{"href":"http:\/\/deutsche-doggen.net\/startseite\/wp-json\/wp\/v2\/pages\/249","targetHints":{"allow":["GET"]}}],"collection":[{"href":"http:\/\/deutsche-doggen.net\/startseite\/wp-json\/wp\/v2\/pages"}],"about":[{"href":"http:\/\/deutsche-doggen.net\/startseite\/wp-json\/wp\/v2\/types\/page"}],"author":[{"embeddable":true,"href":"http:\/\/deutsche-doggen.net\/startseite\/wp-json\/wp\/v2\/users\/1"}],"replies":[{"embeddable":true,"href":"http:\/\/deutsche-doggen.net\/startseite\/wp-json\/wp\/v2\/comments?post=249"}],"version-history":[{"count":10,"href":"http:\/\/deutsche-doggen.net\/startseite\/wp-json\/wp\/v2\/pages\/249\/revisions"}],"predecessor-version":[{"id":458,"href":"http:\/\/deutsche-doggen.net\/startseite\/wp-json\/wp\/v2\/pages\/249\/revisions\/458"}],"wp:attachment":[{"href":"http:\/\/deutsche-doggen.net\/startseite\/wp-json\/wp\/v2\/media?parent=249"}],"curies":[{"name":"wp","href":"https:\/\/api.w.org\/{rel}","templated":true}]}}