{"id":237,"date":"2021-03-18T16:15:43","date_gmt":"2021-03-18T15:15:43","guid":{"rendered":"http:\/\/deutsche-doggen.net\/startseite\/?page_id=237"},"modified":"2021-04-04T10:39:37","modified_gmt":"2021-04-04T08:39:37","slug":"carlotta","status":"publish","type":"page","link":"http:\/\/deutsche-doggen.net\/startseite\/carlotta\/","title":{"rendered":"Carlotta"},"content":{"rendered":"\t\t<div data-elementor-type=\"wp-page\" data-elementor-id=\"237\" class=\"elementor elementor-237\" data-elementor-settings=\"[]\">\n\t\t\t\t\t\t\t<div class=\"elementor-section-wrap\">\n\t\t\t\t\t\t\t<section class=\"elementor-section elementor-top-section elementor-element elementor-element-5a2beaf elementor-section-boxed elementor-section-height-default elementor-section-height-default\" data-id=\"5a2beaf\" data-element_type=\"section\">\n\t\t\t\t\t\t<div class=\"elementor-container elementor-column-gap-default\">\n\t\t\t\t\t<div class=\"elementor-column elementor-col-50 elementor-top-column elementor-element elementor-element-65074ed\" data-id=\"65074ed\" data-element_type=\"column\">\n\t\t\t<div class=\"elementor-widget-wrap\">\n\t\t\t\t\t\t\t\t\t<\/div>\n\t\t<\/div>\n\t\t\t\t<div class=\"elementor-column elementor-col-50 elementor-top-column elementor-element elementor-element-fee785f\" data-id=\"fee785f\" data-element_type=\"column\">\n\t\t\t<div class=\"elementor-widget-wrap elementor-element-populated\">\n\t\t\t\t\t\t\t\t<div class=\"elementor-element elementor-element-2c7915c elementor-widget elementor-widget-heading\" data-id=\"2c7915c\" data-element_type=\"widget\" data-widget_type=\"heading.default\">\n\t\t\t\t<div class=\"elementor-widget-container\">\n\t\t\t<h2 class=\"elementor-heading-title elementor-size-default\">Carlotta vom R\u00e4uberbaron<\/h2>\t\t<\/div>\n\t\t\t\t<\/div>\n\t\t\t\t\t<\/div>\n\t\t<\/div>\n\t\t\t\t\t\t\t<\/div>\n\t\t<\/section>\n\t\t\t\t<section class=\"elementor-section elementor-top-section elementor-element elementor-element-cd9c530 elementor-section-boxed elementor-section-height-default elementor-section-height-default\" data-id=\"cd9c530\" data-element_type=\"section\">\n\t\t\t\t\t\t<div class=\"elementor-container elementor-column-gap-default\">\n\t\t\t\t\t<div class=\"elementor-column elementor-col-50 elementor-top-column elementor-element elementor-element-78773b2\" data-id=\"78773b2\" data-element_type=\"column\">\n\t\t\t<div class=\"elementor-widget-wrap elementor-element-populated\">\n\t\t\t\t\t\t\t\t<div class=\"elementor-element elementor-element-aee708e elementor-widget elementor-widget-image\" data-id=\"aee708e\" data-element_type=\"widget\" data-widget_type=\"image.default\">\n\t\t\t\t<div class=\"elementor-widget-container\">\n\t\t\t\t\t\t\t\t\t\t\t\t\t\t\t<img loading=\"lazy\" decoding=\"async\" width=\"580\" height=\"414\" src=\"http:\/\/deutsche-doggen.net\/wp-content\/uploads\/2021\/03\/Lotti-1024x731.jpeg\" class=\"attachment-large size-large\" alt=\"\" srcset=\"http:\/\/deutsche-doggen.net\/wp-content\/uploads\/2021\/03\/Lotti-1024x731.jpeg 1024w, http:\/\/deutsche-doggen.net\/wp-content\/uploads\/2021\/03\/Lotti-300x214.jpeg 300w, http:\/\/deutsche-doggen.net\/wp-content\/uploads\/2021\/03\/Lotti-768x549.jpeg 768w, http:\/\/deutsche-doggen.net\/wp-content\/uploads\/2021\/03\/Lotti-1536x1097.jpeg 1536w, http:\/\/deutsche-doggen.net\/wp-content\/uploads\/2021\/03\/Lotti-2048x1463.jpeg 2048w, http:\/\/deutsche-doggen.net\/wp-content\/uploads\/2021\/03\/Lotti-1200x857.jpeg 1200w, http:\/\/deutsche-doggen.net\/wp-content\/uploads\/2021\/03\/Lotti-1980x1414.jpeg 1980w\" sizes=\"auto, (max-width: 580px) 100vw, 580px\" \/>\t\t\t\t\t\t\t\t\t\t\t\t\t\t\t<\/div>\n\t\t\t\t<\/div>\n\t\t\t\t\t<\/div>\n\t\t<\/div>\n\t\t\t\t<div class=\"elementor-column elementor-col-50 elementor-top-column elementor-element elementor-element-86c283b\" data-id=\"86c283b\" data-element_type=\"column\">\n\t\t\t<div class=\"elementor-widget-wrap elementor-element-populated\">\n\t\t\t\t\t\t\t\t<div class=\"elementor-element elementor-element-9c999ea elementor-widget elementor-widget-text-editor\" data-id=\"9c999ea\" data-element_type=\"widget\" data-widget_type=\"text-editor.default\">\n\t\t\t\t<div class=\"elementor-widget-container\">\n\t\t\t\t\t\t\t\t<p>Wurftag: 04.04.2018<\/p>\n<p>K\u00e4the vom Edersee x Cherkan Heinrich von der Fr\u00e4nkischen Schweiz<\/p>\n<p>HD B \/ ED 0 \/ OCD frei \/ R\u00fccken ohne Befund \/ DCM frei<\/p>\n<p>Deutscher Jugend Champion VDH<br>Deutscher Jugend Champion DDC<br>Hannover Jugendsiegerin 2019<br>Noris Jugendsiegerin 2019<\/p>\t\t\t\t\t\t<\/div>\n\t\t\t\t<\/div>\n\t\t\t\t\t<\/div>\n\t\t<\/div>\n\t\t\t\t\t\t\t<\/div>\n\t\t<\/section>\n\t\t\t\t<section class=\"elementor-section elementor-top-section elementor-element elementor-element-5ffb387 elementor-section-boxed elementor-section-height-default elementor-section-height-default\" data-id=\"5ffb387\" data-element_type=\"section\">\n\t\t\t\t\t\t<div class=\"elementor-container elementor-column-gap-default\">\n\t\t\t\t\t<div class=\"elementor-column elementor-col-50 elementor-top-column elementor-element elementor-element-63d2059\" data-id=\"63d2059\" data-element_type=\"column\">\n\t\t\t<div class=\"elementor-widget-wrap\">\n\t\t\t\t\t\t\t\t\t<\/div>\n\t\t<\/div>\n\t\t\t\t<div class=\"elementor-column elementor-col-50 elementor-top-column elementor-element elementor-element-c3e6c1a\" data-id=\"c3e6c1a\" data-element_type=\"column\">\n\t\t\t<div class=\"elementor-widget-wrap elementor-element-populated\">\n\t\t\t\t\t\t\t\t<div class=\"elementor-element elementor-element-e4dccd4 elementor-widget elementor-widget-text-editor\" data-id=\"e4dccd4\" data-element_type=\"widget\" data-widget_type=\"text-editor.default\">\n\t\t\t\t<div class=\"elementor-widget-container\">\n\t\t\t\t\t\t\t\t<p style=\"font-size: 18px; text-align: justify;\">Im Juli 2018 zog unsere Prinzessin Lotti bei uns ein. Ein M\u00e4dchen durch und durch. Lotti liebt es mit vollem K\u00f6rperkontakt zu kuscheln und ist unsere \u201eGuteLauneMaus\u201c.<\/p><p style=\"font-size: 18px; text-align: justify;\">Sie ist sehr temperamentvoll und klug, aber auch bedacht und arbeitswillig. Seit Februar 2020 sind Lotti und ich auch im Hundesport aktiv und im Oktober liefen wir bereits erfolgreich die Begleithundepr\u00fcfung.<\/p><p style=\"font-size: 18px; text-align: justify;\">Carlotta wird den Grundstein f\u00fcr unsere Zucht legen.<\/p>\t\t\t\t\t\t<\/div>\n\t\t\t\t<\/div>\n\t\t\t\t\t<\/div>\n\t\t<\/div>\n\t\t\t\t\t\t\t<\/div>\n\t\t<\/section>\n\t\t\t\t\t\t<\/div>\n\t\t\t\t\t<\/div>\n\t\t","protected":false},"excerpt":{"rendered":"<p>Carlotta vom R\u00e4uberbaron Wurftag: 04.04.2018 K\u00e4the vom Edersee x Cherkan Heinrich von der Fr\u00e4nkischen Schweiz HD B \/ ED 0 \/ OCD frei \/ R\u00fccken ohne Befund \/ DCM frei Deutscher Jugend Champion VDHDeutscher Jugend Champion DDCHannover Jugendsiegerin 2019Noris Jugendsiegerin 2019 Im Juli 2018 zog unsere Prinzessin Lotti bei uns ein. Ein M\u00e4dchen durch und [&hellip;]<\/p>\n","protected":false},"author":1,"featured_media":0,"parent":0,"menu_order":0,"comment_status":"closed","ping_status":"closed","template":"","meta":{"footnotes":""},"class_list":["post-237","page","type-page","status-publish","hentry"],"_links":{"self":[{"href":"http:\/\/deutsche-doggen.net\/startseite\/wp-json\/wp\/v2\/pages\/237","targetHints":{"allow":["GET"]}}],"collection":[{"href":"http:\/\/deutsche-doggen.net\/startseite\/wp-json\/wp\/v2\/pages"}],"about":[{"href":"http:\/\/deutsche-doggen.net\/startseite\/wp-json\/wp\/v2\/types\/page"}],"author":[{"embeddable":true,"href":"http:\/\/deutsche-doggen.net\/startseite\/wp-json\/wp\/v2\/users\/1"}],"replies":[{"embeddable":true,"href":"http:\/\/deutsche-doggen.net\/startseite\/wp-json\/wp\/v2\/comments?post=237"}],"version-history":[{"count":10,"href":"http:\/\/deutsche-doggen.net\/startseite\/wp-json\/wp\/v2\/pages\/237\/revisions"}],"predecessor-version":[{"id":541,"href":"http:\/\/deutsche-doggen.net\/startseite\/wp-json\/wp\/v2\/pages\/237\/revisions\/541"}],"wp:attachment":[{"href":"http:\/\/deutsche-doggen.net\/startseite\/wp-json\/wp\/v2\/media?parent=237"}],"curies":[{"name":"wp","href":"https:\/\/api.w.org\/{rel}","templated":true}]}}